{"id":11,"date":"2025-02-06T11:30:55","date_gmt":"2025-02-06T11:30:55","guid":{"rendered":"https:\/\/www.synergiary.fi\/etusivu\/?page_id=11"},"modified":"2026-04-20T12:12:51","modified_gmt":"2026-04-20T10:12:51","slug":"yhteystiedot","status":"publish","type":"page","link":"https:\/\/www.synergiary.fi\/etusivu\/yhteystiedot\/","title":{"rendered":"Yhteystiedot"},"content":{"rendered":"\n<p>Yhdistyksen hallitukselle voi l\u00e4hett\u00e4\u00e4 s\u00e4hk\u00f6postia osoitteella <a href=\"mailto:hallitus@synergiary.fi\" data-type=\"mailto\" data-id=\"mailto:hallitus@synergiary.fi\">hallitus@synergiary.fi<\/a><\/p>\n\n\n\n<p><a href=\"https:\/\/www.synergiary.fi\/etusivu\/palaute\/\" data-type=\"link\" data-id=\"https:\/\/www.synergiary.fi\/etusivu\/palaute\/\">Palaute<\/a> -sivulta l\u00f6ytyy my\u00f6s keinoja antaa palautetta ja ottaa yhteytt\u00e4!<\/p>\n\n\n\n<p>Sosiaalisessa mediassa l\u00f6yd\u00e4t meid\u00e4t <a href=\"http:\/\/instagram.com\/synergiary\/\">Instagramista @synergiary<\/a><\/p>\n\n\n\n<p>Kirjeposti tulee perille osoitteella:<\/p>\n\n\n\n<p>Soveltavan psykologian ainej\u00e4rjest\u00f6 Synergia ry<br>Haartmaninkatu 3<br>00014 Helsingin yliopisto<\/p>\n\n\n\n<h2 class=\"wp-block-heading\">Synergian hallituksen toimijat 2026<\/h2>\n\n\n\n<div class=\"wp-block-columns is-layout-flex wp-container-core-columns-is-layout-9d6595d7 wp-block-columns-is-layout-flex\">\n<div class=\"wp-block-column is-layout-flow wp-block-column-is-layout-flow\">\n<figure class=\"wp-block-image size-full\"><img loading=\"lazy\" decoding=\"async\" width=\"819\" height=\"1024\" src=\"https:\/\/www.synergiary.fi\/etusivu\/wp-content\/uploads\/2026\/03\/20251127_Synergian_hallitus_NelliSiren_39.jpg\" alt=\"\" class=\"wp-image-224\" srcset=\"https:\/\/www.synergiary.fi\/etusivu\/wp-content\/uploads\/2026\/03\/20251127_Synergian_hallitus_NelliSiren_39.jpg 819w, https:\/\/www.synergiary.fi\/etusivu\/wp-content\/uploads\/2026\/03\/20251127_Synergian_hallitus_NelliSiren_39-240x300.jpg 240w, https:\/\/www.synergiary.fi\/etusivu\/wp-content\/uploads\/2026\/03\/20251127_Synergian_hallitus_NelliSiren_39-768x960.jpg 768w\" sizes=\"auto, (max-width: 819px) 100vw, 819px\" \/><\/figure>\n\n\n\n<p>Valtteri Veikkanen <\/p>\n\n\n\n<p>Puheenjohtaja<\/p>\n\n\n\n<p>puheenjohtaja@synergiary.fi<\/p>\n<\/div>\n\n\n\n<div class=\"wp-block-column is-layout-flow wp-block-column-is-layout-flow\">\n<figure class=\"wp-block-image size-full\"><img loading=\"lazy\" decoding=\"async\" width=\"819\" height=\"1024\" src=\"https:\/\/www.synergiary.fi\/etusivu\/wp-content\/uploads\/2026\/03\/20251127_Synergian_hallitus_NelliSiren_71.jpg\" alt=\"\" class=\"wp-image-226\" srcset=\"https:\/\/www.synergiary.fi\/etusivu\/wp-content\/uploads\/2026\/03\/20251127_Synergian_hallitus_NelliSiren_71.jpg 819w, https:\/\/www.synergiary.fi\/etusivu\/wp-content\/uploads\/2026\/03\/20251127_Synergian_hallitus_NelliSiren_71-240x300.jpg 240w, https:\/\/www.synergiary.fi\/etusivu\/wp-content\/uploads\/2026\/03\/20251127_Synergian_hallitus_NelliSiren_71-768x960.jpg 768w\" sizes=\"auto, (max-width: 819px) 100vw, 819px\" \/><\/figure>\n\n\n\n<p>Saana Ojanp\u00e4\u00e4<\/p>\n\n\n\n<p>Varapuheenjohtaja<\/p>\n\n\n\n<p>varapuheenjohtaja@synergiary.fi<\/p>\n<\/div>\n\n\n\n<div class=\"wp-block-column is-layout-flow wp-block-column-is-layout-flow\">\n<figure class=\"wp-block-image size-full\"><img loading=\"lazy\" decoding=\"async\" width=\"819\" height=\"1024\" src=\"https:\/\/www.synergiary.fi\/etusivu\/wp-content\/uploads\/2026\/03\/20251127_Synergian_hallitus_NelliSiren_27.jpg\" alt=\"\" class=\"wp-image-227\" srcset=\"https:\/\/www.synergiary.fi\/etusivu\/wp-content\/uploads\/2026\/03\/20251127_Synergian_hallitus_NelliSiren_27.jpg 819w, https:\/\/www.synergiary.fi\/etusivu\/wp-content\/uploads\/2026\/03\/20251127_Synergian_hallitus_NelliSiren_27-240x300.jpg 240w, https:\/\/www.synergiary.fi\/etusivu\/wp-content\/uploads\/2026\/03\/20251127_Synergian_hallitus_NelliSiren_27-768x960.jpg 768w\" sizes=\"auto, (max-width: 819px) 100vw, 819px\" \/><\/figure>\n\n\n\n<p>Sakari Haapanen<\/p>\n\n\n\n<p>Taloudenhoitaja<\/p>\n\n\n\n<p>taloudenhoitaja@synergiary.fi<\/p>\n<\/div>\n<\/div>\n\n\n\n<div class=\"wp-block-columns is-layout-flex wp-container-core-columns-is-layout-9d6595d7 wp-block-columns-is-layout-flex\">\n<div class=\"wp-block-column is-layout-flow wp-block-column-is-layout-flow\">\n<figure class=\"wp-block-image size-full\"><img loading=\"lazy\" decoding=\"async\" width=\"819\" height=\"1024\" src=\"https:\/\/www.synergiary.fi\/etusivu\/wp-content\/uploads\/2026\/03\/20251127_Synergian_hallitus_NelliSiren_73.jpg\" alt=\"\" class=\"wp-image-228\" srcset=\"https:\/\/www.synergiary.fi\/etusivu\/wp-content\/uploads\/2026\/03\/20251127_Synergian_hallitus_NelliSiren_73.jpg 819w, https:\/\/www.synergiary.fi\/etusivu\/wp-content\/uploads\/2026\/03\/20251127_Synergian_hallitus_NelliSiren_73-240x300.jpg 240w, https:\/\/www.synergiary.fi\/etusivu\/wp-content\/uploads\/2026\/03\/20251127_Synergian_hallitus_NelliSiren_73-768x960.jpg 768w\" sizes=\"auto, (max-width: 819px) 100vw, 819px\" \/><\/figure>\n\n\n\n<p>Moona Kuusela<\/p>\n\n\n\n<p>Sihteeri ja ulkosuhdevastaava<\/p>\n\n\n\n<p>sihteeri@synergiary.fi<\/p>\n\n\n\n<p>ulkosuhdevastaava@synergiary.fi<\/p>\n<\/div>\n\n\n\n<div class=\"wp-block-column is-layout-flow wp-block-column-is-layout-flow\">\n<figure class=\"wp-block-image size-full\"><img loading=\"lazy\" decoding=\"async\" width=\"819\" height=\"1024\" src=\"https:\/\/www.synergiary.fi\/etusivu\/wp-content\/uploads\/2026\/03\/20251211_Synergian_hallitus_NelliSiren_12.jpg\" alt=\"\" class=\"wp-image-229\" srcset=\"https:\/\/www.synergiary.fi\/etusivu\/wp-content\/uploads\/2026\/03\/20251211_Synergian_hallitus_NelliSiren_12.jpg 819w, https:\/\/www.synergiary.fi\/etusivu\/wp-content\/uploads\/2026\/03\/20251211_Synergian_hallitus_NelliSiren_12-240x300.jpg 240w, https:\/\/www.synergiary.fi\/etusivu\/wp-content\/uploads\/2026\/03\/20251211_Synergian_hallitus_NelliSiren_12-768x960.jpg 768w\" sizes=\"auto, (max-width: 819px) 100vw, 819px\" \/><\/figure>\n\n\n\n<p>Tuomas Jaanu<\/p>\n\n\n\n<p>It- ja yhdenvertaisuusvastaava<\/p>\n\n\n\n<p>it-vastaava@synergiary.fi<\/p>\n\n\n\n<p>yhdenvertaisuus@synergiary.fi<\/p>\n<\/div>\n\n\n\n<div class=\"wp-block-column is-layout-flow wp-block-column-is-layout-flow\">\n<figure class=\"wp-block-image size-full\"><img loading=\"lazy\" decoding=\"async\" width=\"819\" height=\"1024\" src=\"https:\/\/www.synergiary.fi\/etusivu\/wp-content\/uploads\/2026\/03\/20251127_Synergian_hallitus_NelliSiren_49.jpg\" alt=\"\" class=\"wp-image-230\" srcset=\"https:\/\/www.synergiary.fi\/etusivu\/wp-content\/uploads\/2026\/03\/20251127_Synergian_hallitus_NelliSiren_49.jpg 819w, https:\/\/www.synergiary.fi\/etusivu\/wp-content\/uploads\/2026\/03\/20251127_Synergian_hallitus_NelliSiren_49-240x300.jpg 240w, https:\/\/www.synergiary.fi\/etusivu\/wp-content\/uploads\/2026\/03\/20251127_Synergian_hallitus_NelliSiren_49-768x960.jpg 768w\" sizes=\"auto, (max-width: 819px) 100vw, 819px\" \/><\/figure>\n\n\n\n<p>Eevi Oja<\/p>\n\n\n\n<p>Tiedottaja<\/p>\n\n\n\n<p>tiedottaja@synergiary.fi<\/p>\n<\/div>\n<\/div>\n\n\n\n<div class=\"wp-block-columns is-layout-flex wp-container-core-columns-is-layout-9d6595d7 wp-block-columns-is-layout-flex\">\n<div class=\"wp-block-column is-layout-flow wp-block-column-is-layout-flow\">\n<figure class=\"wp-block-image size-full\"><img loading=\"lazy\" decoding=\"async\" width=\"819\" height=\"1024\" src=\"https:\/\/www.synergiary.fi\/etusivu\/wp-content\/uploads\/2026\/03\/20251127_Synergian_hallitus_NelliSiren_45.jpg\" alt=\"\" class=\"wp-image-231\" srcset=\"https:\/\/www.synergiary.fi\/etusivu\/wp-content\/uploads\/2026\/03\/20251127_Synergian_hallitus_NelliSiren_45.jpg 819w, https:\/\/www.synergiary.fi\/etusivu\/wp-content\/uploads\/2026\/03\/20251127_Synergian_hallitus_NelliSiren_45-240x300.jpg 240w, https:\/\/www.synergiary.fi\/etusivu\/wp-content\/uploads\/2026\/03\/20251127_Synergian_hallitus_NelliSiren_45-768x960.jpg 768w\" sizes=\"auto, (max-width: 819px) 100vw, 819px\" \/><\/figure>\n\n\n\n<p>Fanni Laukkanen<\/p>\n\n\n\n<p>Viestint\u00e4vastaava<\/p>\n\n\n\n<p>viestinta@synergiary.fi<\/p>\n<\/div>\n\n\n\n<div class=\"wp-block-column is-layout-flow wp-block-column-is-layout-flow\">\n<figure class=\"wp-block-image size-full\"><img loading=\"lazy\" decoding=\"async\" width=\"819\" height=\"1024\" src=\"https:\/\/www.synergiary.fi\/etusivu\/wp-content\/uploads\/2026\/03\/20251127_Synergian_hallitus_NelliSiren_62.jpg\" alt=\"\" class=\"wp-image-232\" srcset=\"https:\/\/www.synergiary.fi\/etusivu\/wp-content\/uploads\/2026\/03\/20251127_Synergian_hallitus_NelliSiren_62.jpg 819w, https:\/\/www.synergiary.fi\/etusivu\/wp-content\/uploads\/2026\/03\/20251127_Synergian_hallitus_NelliSiren_62-240x300.jpg 240w, https:\/\/www.synergiary.fi\/etusivu\/wp-content\/uploads\/2026\/03\/20251127_Synergian_hallitus_NelliSiren_62-768x960.jpg 768w\" sizes=\"auto, (max-width: 819px) 100vw, 819px\" \/><\/figure>\n\n\n\n<p>Jonna M\u00e4enp\u00e4\u00e4<\/p>\n\n\n\n<p>Markkinointivastaava<\/p>\n\n\n\n<p>Hyvinvointitapahtumavastaava<\/p>\n\n\n\n<p>markkinointi@synergiary.fi<\/p>\n\n\n\n<p>tapahtumat@synergiary.fi<\/p>\n<\/div>\n\n\n\n<div class=\"wp-block-column is-layout-flow wp-block-column-is-layout-flow\">\n<figure class=\"wp-block-image size-full\"><img loading=\"lazy\" decoding=\"async\" width=\"819\" height=\"1024\" src=\"https:\/\/www.synergiary.fi\/etusivu\/wp-content\/uploads\/2026\/03\/20251127_Synergian_hallitus_NelliSiren_55.jpg\" alt=\"\" class=\"wp-image-233\" srcset=\"https:\/\/www.synergiary.fi\/etusivu\/wp-content\/uploads\/2026\/03\/20251127_Synergian_hallitus_NelliSiren_55.jpg 819w, https:\/\/www.synergiary.fi\/etusivu\/wp-content\/uploads\/2026\/03\/20251127_Synergian_hallitus_NelliSiren_55-240x300.jpg 240w, https:\/\/www.synergiary.fi\/etusivu\/wp-content\/uploads\/2026\/03\/20251127_Synergian_hallitus_NelliSiren_55-768x960.jpg 768w\" sizes=\"auto, (max-width: 819px) 100vw, 819px\" \/><\/figure>\n\n\n\n<p>Topi Tyni<\/p>\n\n\n\n<p>Edunvalvontavastaava<\/p>\n\n\n\n<p>edunvalvonta@synergiary.fi<\/p>\n<\/div>\n<\/div>\n\n\n\n<div class=\"wp-block-columns is-layout-flex wp-container-core-columns-is-layout-9d6595d7 wp-block-columns-is-layout-flex\">\n<div class=\"wp-block-column is-layout-flow wp-block-column-is-layout-flow\">\n<figure class=\"wp-block-image size-full\"><img loading=\"lazy\" decoding=\"async\" width=\"819\" height=\"1024\" src=\"https:\/\/www.synergiary.fi\/etusivu\/wp-content\/uploads\/2026\/03\/20251127_Synergian_hallitus_NelliSiren_68.jpg\" alt=\"\" class=\"wp-image-234\" srcset=\"https:\/\/www.synergiary.fi\/etusivu\/wp-content\/uploads\/2026\/03\/20251127_Synergian_hallitus_NelliSiren_68.jpg 819w, https:\/\/www.synergiary.fi\/etusivu\/wp-content\/uploads\/2026\/03\/20251127_Synergian_hallitus_NelliSiren_68-240x300.jpg 240w, https:\/\/www.synergiary.fi\/etusivu\/wp-content\/uploads\/2026\/03\/20251127_Synergian_hallitus_NelliSiren_68-768x960.jpg 768w\" sizes=\"auto, (max-width: 819px) 100vw, 819px\" \/><\/figure>\n\n\n\n<p>Anni Ala-kokko<\/p>\n\n\n\n<p>Opintovastaava<\/p>\n\n\n\n<p>opintovastaava@synergiary.fi<\/p>\n<\/div>\n\n\n\n<div class=\"wp-block-column is-layout-flow wp-block-column-is-layout-flow\">\n<figure class=\"wp-block-image size-full\"><img loading=\"lazy\" decoding=\"async\" width=\"819\" height=\"1024\" src=\"https:\/\/www.synergiary.fi\/etusivu\/wp-content\/uploads\/2026\/03\/20251127_Synergian_hallitus_NelliSiren_15.jpg\" alt=\"\" class=\"wp-image-235\" srcset=\"https:\/\/www.synergiary.fi\/etusivu\/wp-content\/uploads\/2026\/03\/20251127_Synergian_hallitus_NelliSiren_15.jpg 819w, https:\/\/www.synergiary.fi\/etusivu\/wp-content\/uploads\/2026\/03\/20251127_Synergian_hallitus_NelliSiren_15-240x300.jpg 240w, https:\/\/www.synergiary.fi\/etusivu\/wp-content\/uploads\/2026\/03\/20251127_Synergian_hallitus_NelliSiren_15-768x960.jpg 768w\" sizes=\"auto, (max-width: 819px) 100vw, 819px\" \/><\/figure>\n\n\n\n<p>Elina Leini<\/p>\n\n\n\n<p>Tapahtumavastaava<\/p>\n\n\n\n<p>tapahtumat@synergiary.fi<\/p>\n<\/div>\n\n\n\n<div class=\"wp-block-column is-layout-flow wp-block-column-is-layout-flow\">\n<figure class=\"wp-block-image size-full\"><img loading=\"lazy\" decoding=\"async\" width=\"819\" height=\"1024\" src=\"https:\/\/www.synergiary.fi\/etusivu\/wp-content\/uploads\/2026\/03\/20251211_Synergian_hallitus_NelliSiren_04.jpg\" alt=\"\" class=\"wp-image-236\" srcset=\"https:\/\/www.synergiary.fi\/etusivu\/wp-content\/uploads\/2026\/03\/20251211_Synergian_hallitus_NelliSiren_04.jpg 819w, https:\/\/www.synergiary.fi\/etusivu\/wp-content\/uploads\/2026\/03\/20251211_Synergian_hallitus_NelliSiren_04-240x300.jpg 240w, https:\/\/www.synergiary.fi\/etusivu\/wp-content\/uploads\/2026\/03\/20251211_Synergian_hallitus_NelliSiren_04-768x960.jpg 768w\" sizes=\"auto, (max-width: 819px) 100vw, 819px\" \/><\/figure>\n\n\n\n<p>Jenny Lousti<\/p>\n\n\n\n<p>Ty\u00f6el\u00e4m\u00e4vastaava<\/p>\n\n\n\n<p>yrityssuhteet@synergiary.fi<\/p>\n<\/div>\n<\/div>\n\n\n\n<div class=\"wp-block-columns is-layout-flex wp-container-core-columns-is-layout-9d6595d7 wp-block-columns-is-layout-flex\">\n<div class=\"wp-block-column is-layout-flow wp-block-column-is-layout-flow\">\n<figure class=\"wp-block-image size-full\"><img loading=\"lazy\" decoding=\"async\" width=\"819\" height=\"1024\" src=\"https:\/\/www.synergiary.fi\/etusivu\/wp-content\/uploads\/2026\/03\/20251211_Synergian_hallitus_NelliSiren_08.jpg\" alt=\"\" class=\"wp-image-237\" srcset=\"https:\/\/www.synergiary.fi\/etusivu\/wp-content\/uploads\/2026\/03\/20251211_Synergian_hallitus_NelliSiren_08.jpg 819w, https:\/\/www.synergiary.fi\/etusivu\/wp-content\/uploads\/2026\/03\/20251211_Synergian_hallitus_NelliSiren_08-240x300.jpg 240w, https:\/\/www.synergiary.fi\/etusivu\/wp-content\/uploads\/2026\/03\/20251211_Synergian_hallitus_NelliSiren_08-768x960.jpg 768w\" sizes=\"auto, (max-width: 819px) 100vw, 819px\" \/><\/figure>\n\n\n\n<p>Vanessa Tampsi<\/p>\n\n\n\n<p>Supertuutori<\/p>\n\n\n\n<p>supertuutori@synergiary.fi<\/p>\n<\/div>\n\n\n\n<div class=\"wp-block-column is-layout-flow wp-block-column-is-layout-flow\">\n<p><\/p>\n<\/div>\n\n\n\n<div class=\"wp-block-column is-layout-flow wp-block-column-is-layout-flow\">\n<p><\/p>\n<\/div>\n<\/div>\n\n\n\n<p><\/p>\n\n\n\n<p><\/p>\n","protected":false},"excerpt":{"rendered":"<p>Yhdistyksen hallitukselle voi l\u00e4hett\u00e4\u00e4 s\u00e4hk\u00f6postia osoitteella hallitus@synergiary.fi Palaute -sivulta l\u00f6ytyy my\u00f6s keinoja antaa palautetta ja ottaa yhteytt\u00e4! Sosiaalisessa mediassa l\u00f6yd\u00e4t meid\u00e4t Instagramista @synergiary Kirjeposti tulee perille osoitteella: Soveltavan psykologian ainej\u00e4rjest\u00f6 Synergia ryHaartmaninkatu 300014 Helsingin yliopisto Synergian hallituksen toimijat 2026 Valtteri Veikkanen Puheenjohtaja puheenjohtaja@synergiary.fi Saana Ojanp\u00e4\u00e4 Varapuheenjohtaja varapuheenjohtaja@synergiary.fi Sakari Haapanen Taloudenhoitaja taloudenhoitaja@synergiary.fi Moona Kuusela Sihteeri ja [&hellip;]<\/p>\n","protected":false},"author":1,"featured_media":0,"parent":0,"menu_order":0,"comment_status":"closed","ping_status":"closed","template":"","meta":{"footnotes":""},"class_list":["post-11","page","type-page","status-publish","hentry"],"_links":{"self":[{"href":"https:\/\/www.synergiary.fi\/etusivu\/wp-json\/wp\/v2\/pages\/11","targetHints":{"allow":["GET"]}}],"collection":[{"href":"https:\/\/www.synergiary.fi\/etusivu\/wp-json\/wp\/v2\/pages"}],"about":[{"href":"https:\/\/www.synergiary.fi\/etusivu\/wp-json\/wp\/v2\/types\/page"}],"author":[{"embeddable":true,"href":"https:\/\/www.synergiary.fi\/etusivu\/wp-json\/wp\/v2\/users\/1"}],"replies":[{"embeddable":true,"href":"https:\/\/www.synergiary.fi\/etusivu\/wp-json\/wp\/v2\/comments?post=11"}],"version-history":[{"count":17,"href":"https:\/\/www.synergiary.fi\/etusivu\/wp-json\/wp\/v2\/pages\/11\/revisions"}],"predecessor-version":[{"id":243,"href":"https:\/\/www.synergiary.fi\/etusivu\/wp-json\/wp\/v2\/pages\/11\/revisions\/243"}],"wp:attachment":[{"href":"https:\/\/www.synergiary.fi\/etusivu\/wp-json\/wp\/v2\/media?parent=11"}],"curies":[{"name":"wp","href":"https:\/\/api.w.org\/{rel}","templated":true}]}}