{"id":15,"date":"2025-02-06T11:34:45","date_gmt":"2025-02-06T11:34:45","guid":{"rendered":"https:\/\/www.synergiary.fi\/etusivu\/?page_id=15"},"modified":"2025-03-27T07:49:43","modified_gmt":"2025-03-27T05:49:43","slug":"asiakirjat","status":"publish","type":"page","link":"https:\/\/www.synergiary.fi\/etusivu\/asiakirjat\/","title":{"rendered":"Asiakirjat"},"content":{"rendered":"\n<p>Synergian toimintaa ohjaavat yhdistyksen viralliset s\u00e4\u00e4nn\u00f6t. N\u00e4ist\u00e4 l\u00f6yd\u00e4t vastauksen siihen, miten yhdistyksen virallisia kuvioita hoidetaan!<\/p>\n\n\n\n<p><a href=\"https:\/\/www.synergiary.fi\/etusivu\/yhdistyksen-saannot\/\" data-type=\"page\" data-id=\"124\">Soveltavan psykologian ainej\u00e4rjest\u00f6 Synergia ry:n viralliset s\u00e4\u00e4nn\u00f6t<\/a><\/p>\n\n\n\n<p>Synergian toiminnassa noudatetaan turvallisemman tilan periaatteita.<\/p>\n\n\n\n<p>Periaatteiden tavoitteena on taata turvallinen, kunnioittava ja yhdenvertainen toiminta, jolloin jokainen voi tuntea olevansa tervetullut. Synergian j\u00e4senet ja tapahtumiin osallistuvat sitoutuvat noudattamaan turvallisemman tilan periaatteita ja rakentamaan turvallisempaa tilaa omalla toiminnallaan.<\/p>\n\n\n\n<p><a href=\"https:\/\/www.synergiary.fi\/etusivu\/wp-content\/uploads\/2025\/03\/Synergian-turvallisemman-tilan-periaatteet.docx.pdf\" data-type=\"link\" data-id=\"https:\/\/www.synergiary.fi\/etusivu\/wp-content\/uploads\/2025\/03\/Synergian-turvallisemman-tilan-periaatteet.docx.pdf\">Turvallisemman tilan periaatteet<\/a><\/p>\n\n\n\n<p>Synergia pyrkii edist\u00e4m\u00e4\u00e4n yhteis\u00f6ss\u00e4\u00e4n yhdenvertaisuutta, turvallisuutta ja moninaisuutta.<\/p>\n\n\n\n<p>Yhdenvertaisuus tarkoittaa, ett\u00e4 kaikilla j\u00e4senill\u00e4 on yhdenvertaiset mahdollisuudet osallistua Synergian toimintaan taustastaan, ominaisuuksistaan tai el\u00e4m\u00e4ntilanteestaan riippumatta. Tavoitteemme on luoda ymp\u00e4rist\u00f6, jossa jokainen voi tuntea itsens\u00e4 arvostetuksi ja hyv\u00e4ksytyksi omana itsen\u00e4\u00e4n.<\/p>\n\n\n\n<p><a href=\"https:\/\/www.synergiary.fi\/etusivu\/wp-content\/uploads\/2025\/03\/Synergian-yhdenvertaisuussuunnitelma.docx.pdf\" data-type=\"attachment\" data-id=\"129\">Yhdenvertaisuussuunnitelma<\/a><\/p>\n\n\n\n<p>Synergian ymp\u00e4rist\u00f6suunnitelma ohjeistaa kest\u00e4v\u00e4mp\u00e4\u00e4n ja ymp\u00e4rist\u00f6yst\u00e4v\u00e4llisemp\u00e4\u00e4n toimintaan. Se toimii ohjeena Synergian ainej\u00e4rjest\u00f6aktiiveille toiminnan suunnittelemisessa ja tapahtumien j\u00e4rjest\u00e4misess\u00e4, sek\u00e4 j\u00e4senille toimintaan osallistuessa.<\/p>\n\n\n\n<p><a href=\"https:\/\/www.synergiary.fi\/etusivu\/wp-content\/uploads\/2025\/03\/Synergian-ymparistosuunnitelma.docx.pdf\" data-type=\"attachment\" data-id=\"130\">Ymp\u00e4rist\u00f6suunnitelma<\/a><\/p>\n\n\n\n<p><\/p>\n","protected":false},"excerpt":{"rendered":"<p>Synergian toimintaa ohjaavat yhdistyksen viralliset s\u00e4\u00e4nn\u00f6t. N\u00e4ist\u00e4 l\u00f6yd\u00e4t vastauksen siihen, miten yhdistyksen virallisia kuvioita hoidetaan! Soveltavan psykologian ainej\u00e4rjest\u00f6 Synergia ry:n viralliset s\u00e4\u00e4nn\u00f6t Synergian toiminnassa noudatetaan turvallisemman tilan periaatteita. Periaatteiden tavoitteena on taata turvallinen, kunnioittava ja yhdenvertainen toiminta, jolloin jokainen voi tuntea olevansa tervetullut. Synergian j\u00e4senet ja tapahtumiin osallistuvat sitoutuvat noudattamaan turvallisemman tilan periaatteita ja rakentamaan [&hellip;]<\/p>\n","protected":false},"author":1,"featured_media":0,"parent":0,"menu_order":0,"comment_status":"closed","ping_status":"closed","template":"","meta":{"footnotes":""},"class_list":["post-15","page","type-page","status-publish","hentry"],"_links":{"self":[{"href":"https:\/\/www.synergiary.fi\/etusivu\/wp-json\/wp\/v2\/pages\/15","targetHints":{"allow":["GET"]}}],"collection":[{"href":"https:\/\/www.synergiary.fi\/etusivu\/wp-json\/wp\/v2\/pages"}],"about":[{"href":"https:\/\/www.synergiary.fi\/etusivu\/wp-json\/wp\/v2\/types\/page"}],"author":[{"embeddable":true,"href":"https:\/\/www.synergiary.fi\/etusivu\/wp-json\/wp\/v2\/users\/1"}],"replies":[{"embeddable":true,"href":"https:\/\/www.synergiary.fi\/etusivu\/wp-json\/wp\/v2\/comments?post=15"}],"version-history":[{"count":5,"href":"https:\/\/www.synergiary.fi\/etusivu\/wp-json\/wp\/v2\/pages\/15\/revisions"}],"predecessor-version":[{"id":208,"href":"https:\/\/www.synergiary.fi\/etusivu\/wp-json\/wp\/v2\/pages\/15\/revisions\/208"}],"wp:attachment":[{"href":"https:\/\/www.synergiary.fi\/etusivu\/wp-json\/wp\/v2\/media?parent=15"}],"curies":[{"name":"wp","href":"https:\/\/api.w.org\/{rel}","templated":true}]}}