{"id":182,"date":"2025-03-26T23:05:48","date_gmt":"2025-03-26T21:05:48","guid":{"rendered":"https:\/\/www.synergiary.fi\/etusivu\/?page_id=182"},"modified":"2026-03-23T09:38:50","modified_gmt":"2026-03-23T07:38:50","slug":"palaute","status":"publish","type":"page","link":"https:\/\/www.synergiary.fi\/etusivu\/palaute\/","title":{"rendered":"Palaute"},"content":{"rendered":"\n<p><a href=\"https:\/\/forms.office.com\/e\/EEA9AG7DLg\" data-type=\"link\" data-id=\"https:\/\/forms.office.com\/e\/EEA9AG7DLg\">Synergian palautelomakkeella<\/a> voit antaa palautetta ainej\u00e4rjest\u00f6n toiminnasta, kertoa kehitysideoita tai muuten vaan purkaa syd\u00e4nt\u00e4si aiheeseen liittyen! Yhdistyksen puheenjohtajisto k\u00e4sittelee palautteen, ja ohjaa sen tarvittaessa eteenp\u00e4in toteutukseen.<\/p>\n\n\n\n<p><a href=\"https:\/\/forms.office.com\/Pages\/ResponsePage.aspx?id=WXWumNwQiEKOLkWT5i_j7rUQl5iIDldLuYgobJ6KTGtUOEtHMlVGSjVGWFM2TFRSOUtLUlpNUjZFWi4u\" data-type=\"link\" data-id=\"https:\/\/forms.office.com\/Pages\/ResponsePage.aspx?id=WXWumNwQiEKOLkWT5i_j7rUQl5iIDldLuYgobJ6KTGtUOEtHMlVGSjVGWFM2TFRSOUtLUlpNUjZFWi4u\">Edunvalvonta- ja opintoasioiden avoin yhteydenottolomake<\/a> on k\u00e4yt\u00f6ss\u00e4si edunvalvontaan ja opintoasioihin liittyen. <\/p>\n\n\n\n<p>Edunvalvonta-asioihin voi kuulua esimerkiksi seuraavia: syrjint\u00e4, kaikenlainen h\u00e4irint\u00e4, ep\u00e4oikeudenmukainen kohtelu, v\u00e4\u00e4r\u00e4 pisteytt\u00e4minen, kurssisuorituksen ev\u00e4\u00e4minen. Edunvalvonta voi my\u00f6s toimia sovittelijana t\u00e4llaisissa tilanteissa. Yleisesti, jos jokin her\u00e4tt\u00e4\u00e4 huonoa fiilist\u00e4, siit\u00e4 voisi olla hyv\u00e4 antaa palautetta. <\/p>\n\n\n\n<p>Opintoasiat taas liittyv\u00e4t laajemmin opetukseen, kurssien yksityiskohtiin, suoritustapoihin ja opetussuunnitelmaan. Palaute n\u00e4ihin on hyvin hy\u00f6dyllist\u00e4, sill\u00e4 niiden avulla parannusehdotuksia voidaan koordinoida laajemmallakin skaalalla sidosryhmien, kuten koulutusohjelman johtoryhm\u00e4n kanssa. Muistathan ensisijaisesti ottaa yhteytt\u00e4 kurssin opettajaan.<\/p>\n\n\n\n<p><a href=\"https:\/\/forms.office.com\/Pages\/ResponsePage.aspx?id=WXWumNwQiEKOLkWT5i_j7rUQl5iIDldLuYgobJ6KTGtUOEtHMlVGSjVGWFM2TFRSOUtLUlpNUjZFWi4u\" data-type=\"link\" data-id=\"https:\/\/forms.office.com\/Pages\/ResponsePage.aspx?id=WXWumNwQiEKOLkWT5i_j7rUQl5iIDldLuYgobJ6KTGtUOEtHMlVGSjVGWFM2TFRSOUtLUlpNUjZFWi4u\">Lomakkeen<\/a> kautta voit antaa palautetta ja ottaa yhteytt\u00e4 anonyymisti sek\u00e4 nimellisesti. Vastauksia k\u00e4ytet\u00e4\u00e4n opiskelun toimivuuden ja opiskelijoiden hyvinvoinnin lis\u00e4\u00e4miseen.&nbsp; K\u00e4ytt\u00e4j\u00e4tunnuksia ei tallenneta.&nbsp;<\/p>\n\n\n\n<p>Voit my\u00f6s ottaa suoraan yhteytt\u00e4 edunvalvontavastaavaan s\u00e4hk\u00f6postilla edunvalvonta@synergiary.fi<\/p>\n\n\n\n<p><\/p>\n\n\n\n<p><\/p>\n","protected":false},"excerpt":{"rendered":"<p>Synergian palautelomakkeella voit antaa palautetta ainej\u00e4rjest\u00f6n toiminnasta, kertoa kehitysideoita tai muuten vaan purkaa syd\u00e4nt\u00e4si aiheeseen liittyen! Yhdistyksen puheenjohtajisto k\u00e4sittelee palautteen, ja ohjaa sen tarvittaessa eteenp\u00e4in toteutukseen. Edunvalvonta- ja opintoasioiden avoin yhteydenottolomake on k\u00e4yt\u00f6ss\u00e4si edunvalvontaan ja opintoasioihin liittyen. Edunvalvonta-asioihin voi kuulua esimerkiksi seuraavia: syrjint\u00e4, kaikenlainen h\u00e4irint\u00e4, ep\u00e4oikeudenmukainen kohtelu, v\u00e4\u00e4r\u00e4 pisteytt\u00e4minen, kurssisuorituksen ev\u00e4\u00e4minen. Edunvalvonta voi my\u00f6s toimia [&hellip;]<\/p>\n","protected":false},"author":1,"featured_media":0,"parent":0,"menu_order":0,"comment_status":"closed","ping_status":"closed","template":"","meta":{"footnotes":""},"class_list":["post-182","page","type-page","status-publish","hentry"],"_links":{"self":[{"href":"https:\/\/www.synergiary.fi\/etusivu\/wp-json\/wp\/v2\/pages\/182","targetHints":{"allow":["GET"]}}],"collection":[{"href":"https:\/\/www.synergiary.fi\/etusivu\/wp-json\/wp\/v2\/pages"}],"about":[{"href":"https:\/\/www.synergiary.fi\/etusivu\/wp-json\/wp\/v2\/types\/page"}],"author":[{"embeddable":true,"href":"https:\/\/www.synergiary.fi\/etusivu\/wp-json\/wp\/v2\/users\/1"}],"replies":[{"embeddable":true,"href":"https:\/\/www.synergiary.fi\/etusivu\/wp-json\/wp\/v2\/comments?post=182"}],"version-history":[{"count":5,"href":"https:\/\/www.synergiary.fi\/etusivu\/wp-json\/wp\/v2\/pages\/182\/revisions"}],"predecessor-version":[{"id":241,"href":"https:\/\/www.synergiary.fi\/etusivu\/wp-json\/wp\/v2\/pages\/182\/revisions\/241"}],"wp:attachment":[{"href":"https:\/\/www.synergiary.fi\/etusivu\/wp-json\/wp\/v2\/media?parent=182"}],"curies":[{"name":"wp","href":"https:\/\/api.w.org\/{rel}","templated":true}]}}