{"id":22,"date":"2025-02-06T11:35:43","date_gmt":"2025-02-06T11:35:43","guid":{"rendered":"https:\/\/www.synergiary.fi\/etusivu\/?page_id=22"},"modified":"2026-01-11T13:42:23","modified_gmt":"2026-01-11T11:42:23","slug":"opiskelu","status":"publish","type":"page","link":"https:\/\/www.synergiary.fi\/etusivu\/opiskelu\/","title":{"rendered":"J\u00e4seneksi?"},"content":{"rendered":"\n<p>Varsinainen j\u00e4senyys on tarkoitettu Helsingin yliopiston soveltavan psykologian opiskelijoille. Synergian varsinaiseksi j\u00e4seniksi voivat hakea kaikki Helsingin yliopiston soveltavan psykologian opiskelijat, sek\u00e4 organisaatiopsykologian maisteriopiskelijat.<\/p>\n\n\n\n<p><a href=\"https:\/\/kide.app\/memberships\/179be834-2786-43e9-aa43-063846e70993\">Varsinaiseksi j\u00e4seneksi voit hakea t\u00e4st\u00e4!<\/a><\/p>\n\n\n\n<p>J\u00e4senhakemuksen ulkoj\u00e4seneksi voi j\u00e4tt\u00e4\u00e4 vaihto-oppilaat, alumnit ja Synergiasta kiinnostuneet muun alan opiskelijat. Hyv\u00e4ksyttyin\u00e4 heihin p\u00e4tee samat oikeudet ja velvollisuudet kuin varsinaisiin j\u00e4seniin, pois lukien \u00e4\u00e4nioikeus yhdistyksen kokouksissa ja oikeus toimia yhdistyksen hallituksessa.<\/p>\n\n\n\n<p><a href=\"https:\/\/kide.app\/memberships\/2314d8af-4734-4b5d-b3d1-664c47b81d79\">Ulkoj\u00e4seneksi voit hakea t\u00e4st\u00e4<\/a>!<\/p>\n\n\n\n<p>Kannatusj\u00e4senyysvaihtoehto on sinulle, joka haluat tukea Synergian toimintaa taloudellisesti! <\/p>\n\n\n\n<p>Kannatusj\u00e4senyyden ostamalla olet mukana rakentamassa Synergialle pitk\u00e4\u00e4 ja valoisaa tulevaisuutta. Toimintamme on vasta aluillaan, joten yrit\u00e4mme kiitt\u00e4\u00e4 kannatusj\u00e4senyyden ostajia parhaimmalla mahdollisella resurssiemme sallimalla tavalla!<\/p>\n\n\n\n<p><a href=\"https:\/\/kide.app\/memberships\/e0bfa3cc-dcd0-479c-9c59-ac9eef026aa8\">Kannatusj\u00e4senyyden voit hankkia t\u00e4st\u00e4!<\/a><\/p>\n","protected":false},"excerpt":{"rendered":"<p>Varsinainen j\u00e4senyys on tarkoitettu Helsingin yliopiston soveltavan psykologian opiskelijoille. Synergian varsinaiseksi j\u00e4seniksi voivat hakea kaikki Helsingin yliopiston soveltavan psykologian opiskelijat, sek\u00e4 organisaatiopsykologian maisteriopiskelijat. Varsinaiseksi j\u00e4seneksi voit hakea t\u00e4st\u00e4! J\u00e4senhakemuksen ulkoj\u00e4seneksi voi j\u00e4tt\u00e4\u00e4 vaihto-oppilaat, alumnit ja Synergiasta kiinnostuneet muun alan opiskelijat. Hyv\u00e4ksyttyin\u00e4 heihin p\u00e4tee samat oikeudet ja velvollisuudet kuin varsinaisiin j\u00e4seniin, pois lukien \u00e4\u00e4nioikeus yhdistyksen kokouksissa [&hellip;]<\/p>\n","protected":false},"author":1,"featured_media":0,"parent":0,"menu_order":0,"comment_status":"closed","ping_status":"closed","template":"","meta":{"footnotes":""},"class_list":["post-22","page","type-page","status-publish","hentry"],"_links":{"self":[{"href":"https:\/\/www.synergiary.fi\/etusivu\/wp-json\/wp\/v2\/pages\/22","targetHints":{"allow":["GET"]}}],"collection":[{"href":"https:\/\/www.synergiary.fi\/etusivu\/wp-json\/wp\/v2\/pages"}],"about":[{"href":"https:\/\/www.synergiary.fi\/etusivu\/wp-json\/wp\/v2\/types\/page"}],"author":[{"embeddable":true,"href":"https:\/\/www.synergiary.fi\/etusivu\/wp-json\/wp\/v2\/users\/1"}],"replies":[{"embeddable":true,"href":"https:\/\/www.synergiary.fi\/etusivu\/wp-json\/wp\/v2\/comments?post=22"}],"version-history":[{"count":8,"href":"https:\/\/www.synergiary.fi\/etusivu\/wp-json\/wp\/v2\/pages\/22\/revisions"}],"predecessor-version":[{"id":220,"href":"https:\/\/www.synergiary.fi\/etusivu\/wp-json\/wp\/v2\/pages\/22\/revisions\/220"}],"wp:attachment":[{"href":"https:\/\/www.synergiary.fi\/etusivu\/wp-json\/wp\/v2\/media?parent=22"}],"curies":[{"name":"wp","href":"https:\/\/api.w.org\/{rel}","templated":true}]}}